{"id":3810,"date":"2026-01-28T15:21:32","date_gmt":"2026-01-28T15:21:32","guid":{"rendered":"https:\/\/every.es\/?page_id=3810"},"modified":"2026-01-28T18:09:07","modified_gmt":"2026-01-28T18:09:07","slug":"terminos-y-condiciones-de-uso-y-aviso-legal","status":"publish","type":"page","link":"https:\/\/every.es\/ca\/terminos-y-condiciones-de-uso-y-aviso-legal\/","title":{"rendered":"T\u00e9rminos y Condiciones de Uso y Aviso Legal"},"content":{"rendered":"<h1>T\u00e9rminos y condiciones<\/h1>\n<hr>\n<div>\n<ol>\n<li><strong> Datos Identificativos<\/strong><\/li>\n<\/ol>\n<p>En cumplimiento con el deber de informaci\u00f3n recogido en el art\u00edculo 10 de la Ley 34\/2002, de 11 de julio, de Servicios de la Sociedad de la Informaci\u00f3n y del Comercio Electr\u00f3nico (LSSI-CE), se reflejan a continuaci\u00f3n los datos del titular del sitio web:<\/p>\n<ul>\n<li style=\"text-align: left;\"><strong>Titular:<\/strong> Ingrid Hern\u00e1ndez Garc\u00eda (en adelante, <strong>EVERY LEGAL<\/strong>)<\/li>\n<li style=\"text-align: left;\"><strong>Domicilio social:<\/strong> C\/ Arag\u00f3, 308 1- 2\u00ba (08009) Barcelona, Espa\u00f1a.<\/li>\n<li style=\"text-align: left;\"><strong>N.I.F.\/C.I.F.:<\/strong> 47169960L<\/li>\n<li style=\"text-align: left;\"><strong>Tel\u00e9fono:<\/strong> (+34) 936 940 448<\/li>\n<li style=\"text-align: left;\"><strong>Correo electr\u00f3nico:<\/strong> contacto@every.es<\/li>\n<li style=\"text-align: left;\"><strong>Sitio Web:<\/strong> https:\/\/www.every.es\/<\/li>\n<\/ul>\n<ol start=\"2\">\n<li><strong> Usuarios y Objeto<\/strong><\/li>\n<\/ol>\n<p>El acceso y\/o uso de este portal de <strong>EVERY LEGAL<\/strong> atribuye la condici\u00f3n de <strong>USUARIO<\/strong>, que acepta, desde dicho acceso y\/o uso, las Condiciones Generales de Uso aqu\u00ed reflejadas.<\/p>\n<p>El presente sitio web proporciona el acceso a informaci\u00f3n, servicios, programas o datos (en adelante, \u00ablos contenidos\u00bb) en Internet pertenecientes a <strong>EVERY LEGAL<\/strong> o a sus licenciantes a los que el USUARIO pueda tener acceso. El objetivo de la web es informar sobre los servicios jur\u00eddicos ofrecidos (Extranjer\u00eda, Familia, Civil, etc.) y facilitar el contacto con el despacho.<\/p>\n<ol start=\"3\">\n<li><strong> Naturaleza de la Informaci\u00f3n (Advertencia Legal)<\/strong><\/li>\n<\/ol>\n<p>La informaci\u00f3n contenida en este sitio web tiene car\u00e1cter meramente informativo y divulgativo. <strong>En ning\u00fan caso los contenidos de la web sustituyen el asesoramiento legal profesional y personalizado.<\/strong><\/p>\n<p>La lectura de los art\u00edculos, gu\u00edas o respuestas a preguntas frecuentes no constituye una relaci\u00f3n abogado-cliente. <strong>EVERY LEGAL<\/strong> recomienda encarecidamente al USUARIO no tomar decisiones basadas \u00fanicamente en la informaci\u00f3n recogida en este sitio web sin el asesoramiento profesional adecuado a sus circunstancias particulares.<\/p>\n<ol start=\"4\">\n<li><strong> Uso del Portal<\/strong><\/li>\n<\/ol>\n<p>El USUARIO asume la responsabilidad del uso del portal. Dicha responsabilidad se extiende al registro que fuese necesario para acceder a determinados servicios o contenidos.<\/p>\n<p>El USUARIO se compromete a hacer un uso adecuado de los contenidos y servicios que <strong>EVERY LEGAL<\/strong> ofrece a trav\u00e9s de su portal y, con car\u00e1cter enunciativo pero no limitativo, a no emplearlos para:<\/p>\n<ol>\n<li>Incurrir en actividades il\u00edcitas, ilegales o contrarias a la buena fe y al orden p\u00fablico.<\/li>\n<li>Difundir contenidos o propaganda de car\u00e1cter racista, xen\u00f3fobo, pornogr\u00e1fico-ilegal, de apolog\u00eda del terrorismo o atentatorio contra los derechos humanos.<\/li>\n<li>Provocar da\u00f1os en los sistemas f\u00edsicos y l\u00f3gicos de <strong>EVERY LEGAL<\/strong>, de sus proveedores o de terceras personas, introducir o difundir en la red virus inform\u00e1ticos o cualesquiera otros sistemas que sean susceptibles de provocar los da\u00f1os anteriormente mencionados.<\/li>\n<li>Intentar acceder y, en su caso, utilizar las cuentas de correo electr\u00f3nico de otros usuarios y modificar o manipular sus mensajes.<\/li>\n<\/ol>\n<ol start=\"5\">\n<li><strong> Protecci\u00f3n de Datos<\/strong><\/li>\n<\/ol>\n<p><strong>EVERY LEGAL<\/strong> cumple con las directrices del Reglamento (UE) 2016\/679 (RGPD) y la Ley Org\u00e1nica 3\/2018 de Protecci\u00f3n de Datos Personales y garant\u00eda de los derechos digitales.<\/p>\n<p>Para m\u00e1s informaci\u00f3n sobre c\u00f3mo tratamos sus datos personales, consulte nuestra pol\u00edtica de privacidad.<\/p>\n<ol start=\"6\">\n<li><strong> Propiedad Intelectual e Industrial<\/strong><\/li>\n<\/ol>\n<p><strong>EVERY LEGAL<\/strong> por s\u00ed o como cesionaria, es titular de todos los derechos de propiedad intelectual e industrial de su p\u00e1gina web, as\u00ed como de los elementos contenidos en la misma (a t\u00edtulo enunciativo: im\u00e1genes, sonido, audio, v\u00eddeo, software o textos; marcas o logotipos, combinaciones de colores, estructura y dise\u00f1o, selecci\u00f3n de materiales usados, programas de ordenador necesarios para su funcionamiento, acceso y uso, etc.).<\/p>\n<p><strong>Todos los derechos reservados.<\/strong> En virtud de lo dispuesto en la Ley de Propiedad Intelectual, quedan expresamente prohibidas la reproducci\u00f3n, la distribuci\u00f3n y la comunicaci\u00f3n p\u00fablica, incluida su modalidad de puesta a disposici\u00f3n, de la totalidad o parte de los contenidos de esta p\u00e1gina web, con fines comerciales, en cualquier soporte y por cualquier medio t\u00e9cnico, sin la autorizaci\u00f3n de <strong>EVERY LEGAL<\/strong>.<\/p>\n<ol start=\"7\">\n<li><strong> Exclusi\u00f3n de Garant\u00edas y Responsabilidad<\/strong><\/li>\n<\/ol>\n<p><strong>EVERY LEGAL<\/strong> no se hace responsable, en ning\u00fan caso, de los da\u00f1os y perjuicios de cualquier naturaleza que pudieran ocasionar, a t\u00edtulo enunciativo: errores u omisiones en los contenidos, falta de disponibilidad del portal o la transmisi\u00f3n de virus o programas maliciosos o lesivos en los contenidos, a pesar de haber adoptado todas las medidas tecnol\u00f3gicas necesarias para evitarlo.<\/p>\n<p>Asimismo, <strong>EVERY LEGAL<\/strong> no garantiza la exactitud, exhaustividad o actualidad de la informaci\u00f3n legal contenida en el sitio web, dado que las leyes y regulaciones est\u00e1n sujetas a cambios frecuentes.<\/p>\n<ol start=\"8\">\n<li><strong> Modificaciones<\/strong><\/li>\n<\/ol>\n<p><strong>EVERY LEGAL<\/strong> se reserva el derecho de efectuar sin previo aviso las modificaciones que considere oportunas en su portal, pudiendo cambiar, suprimir o a\u00f1adir tanto los contenidos y servicios que se presten a trav\u00e9s de la misma como la forma en la que \u00e9stos aparezcan presentados o localizados en su portal.<\/p>\n<ol start=\"9\">\n<li><strong> Enlaces (Links)<\/strong><\/li>\n<\/ol>\n<p>En el caso de que en <a href=\"https:\/\/www.every.es\/\">https:\/\/www.every.es\/<\/a> se dispusiesen enlaces o hiperv\u00ednculos hac\u00eda otros sitios de Internet, <strong>EVERY LEGAL<\/strong> no ejercer\u00e1 ning\u00fan tipo de control sobre dichos sitios y contenidos. En ning\u00fan caso <strong>EVERY LEGAL<\/strong> asumir\u00e1 responsabilidad alguna por los contenidos de alg\u00fan enlace perteneciente a un sitio web ajeno, ni garantizar\u00e1 la disponibilidad t\u00e9cnica, calidad, fiabilidad, exactitud, amplitud, veracidad, validez y constitucionalidad de cualquier material o informaci\u00f3n contenida en ninguno de dichos hiperv\u00ednculos u otros sitios de Internet.<\/p>\n<ol start=\"10\">\n<li><strong> Derecho de Exclusi\u00f3n<\/strong><\/li>\n<\/ol>\n<p><strong>EVERY LEGAL<\/strong> se reserva el derecho a denegar o retirar el acceso a portal y\/o los servicios ofrecidos sin necesidad de preaviso, a instancia propia o de un tercero, a aquellos usuarios que incumplan las presentes Condiciones Generales de Uso.<\/p>\n<ol start=\"11\">\n<li><strong> Contrataci\u00f3n de Servicios<\/strong><\/li>\n<\/ol>\n<p>La contrataci\u00f3n de los servicios legales ofrecidos por <strong>EVERY LEGAL<\/strong> (tales como tramitaci\u00f3n de visas, divorcios, asesoramiento fiscal, etc.) se regir\u00e1 por las condiciones particulares y la Hoja de Encargo Profesional que se firmar\u00e1 espec\u00edficamente entre el cliente y el abogado antes del inicio del servicio. El mero uso de la web no implica contrataci\u00f3n formal.<\/p>\n<ol start=\"12\">\n<li><strong> Legislaci\u00f3n Aplicable y Jurisdicci\u00f3n<\/strong><\/li>\n<\/ol>\n<p>La relaci\u00f3n entre <strong>EVERY LEGAL<\/strong> y el USUARIO se regir\u00e1 por la normativa espa\u00f1ola vigente. Para la resoluci\u00f3n de cualquier controversia, las partes se someten a los <strong>Juzgados y Tribunales de la ciudad de Barcelona<\/strong>, renunciando expresamente a cualquier otro fuero que pudiera corresponderles, salvo que la ley aplicable disponga imperativamente lo contrario (como en el caso de consumidores y usuarios).<\/p>\n<\/div>\n<p><!--more--><br \/>\n<!-- {\"type\":\"layout\",\"children\":[{\"name\":\"FAQ\",\"type\":\"section\",\"props\":{\"height_viewport\":false,\"image_position\":\"center-center\",\"image_size\":\"cover\",\"media_background\":\"#fff\",\"media_overlay\":\"rgba(0,0,0,0)\",\"padding_bottom\":\"large\",\"padding_top\":\"large\",\"style\":\"default\",\"title_breakpoint\":\"xl\",\"title_position\":\"top-left\",\"title_rotation\":\"left\",\"vertical_align\":\"\",\"width\":\"small\"},\"children\":[{\"type\":\"row\",\"children\":[{\"type\":\"column\",\"props\":{\"image_position\":\"center-center\",\"position_sticky_breakpoint\":\"m\",\"width_medium\":\"1-1\"},\"children\":[{\"type\":\"headline\",\"props\":{\"block_align\":\"center\",\"content\":\"T\u00e9rminos y condiciones\",\"image_align\":\"left\",\"image_margin\":\"xsmall\",\"text_align\":\"center\",\"title_element\":\"h1\",\"title_style\":\"h1\"}},{\"type\":\"divider\",\"props\":{\"divider_element\":\"hr\"}},{\"type\":\"text\",\"props\":{\"block_align\":\"center\",\"column_breakpoint\":\"m\",\"content\":\"\n\n<ol>\\n\n\n<li><strong> Datos Identificativos<\/strong><\/li>\n\n\\n<\/ol>\n\n\\n\n\n<p>En cumplimiento con el deber de informaci\u00f3n recogido en el art\u00edculo 10 de la Ley 34\/2002, de 11 de julio, de Servicios de la Sociedad de la Informaci\u00f3n y del Comercio Electr\u00f3nico (LSSI-CE), se reflejan a continuaci\u00f3n los datos del titular del sitio web:<\/p>\n\n\\n\n\n<ul>\\n\n\n<li style=\\\"text-align: left;\\\"><strong>Titular:<\/strong> Ingrid Hern\u00e1ndez Garc\u00eda (en adelante, <strong>EVERY LEGAL<\/strong>)<\/li>\n\n\\n\n\n<li style=\\\"text-align: left;\\\"><strong>Domicilio social:<\/strong> C\/ Arag\u00f3, 308 1- 2\u00ba (08009) Barcelona, Espa\u00f1a.<\/li>\n\n\\n\n\n<li style=\\\"text-align: left;\\\"><strong>N.I.F.\/C.I.F.:<\/strong> 47169960L<\/li>\n\n\\n\n\n<li style=\\\"text-align: left;\\\"><strong>Tel\u00e9fono:<\/strong> (+34) 936 940 448<\/li>\n\n\\n\n\n<li style=\\\"text-align: left;\\\"><strong>Correo electr\u00f3nico:<\/strong> contacto@every.es<\/li>\n\n\\n\n\n<li style=\\\"text-align: left;\\\"><strong>Sitio Web:<\/strong> https:\/\/www.every.es\/<\/li>\n\n\\n<\/ul>\n\n\\n\n\n<ol start=\\\"2\\\">\\n\n\n<li><strong> Usuarios y Objeto<\/strong><\/li>\n\n\\n<\/ol>\n\n\\n\n\n<p>El acceso y\/o uso de este portal de <strong>EVERY LEGAL<\/strong> atribuye la condici\u00f3n de <strong>USUARIO<\/strong>, que acepta, desde dicho acceso y\/o uso, las Condiciones Generales de Uso aqu\u00ed reflejadas.<\/p>\n\n\\n\n\n<p>El presente sitio web proporciona el acceso a informaci\u00f3n, servicios, programas o datos (en adelante, \\\"los contenidos\\\") en Internet pertenecientes a <strong>EVERY LEGAL<\/strong> o a sus licenciantes a los que el USUARIO pueda tener acceso. El objetivo de la web es informar sobre los servicios jur\u00eddicos ofrecidos (Extranjer\u00eda, Familia, Civil, etc.) y facilitar el contacto con el despacho.<\/p>\n\n\\n\n\n<ol start=\\\"3\\\">\\n\n\n<li><strong> Naturaleza de la Informaci\u00f3n (Advertencia Legal)<\/strong><\/li>\n\n\\n<\/ol>\n\n\\n\n\n<p>La informaci\u00f3n contenida en este sitio web tiene car\u00e1cter meramente informativo y divulgativo. <strong>En ning\u00fan caso los contenidos de la web sustituyen el asesoramiento legal profesional y personalizado.<\/strong><\/p>\n\n\\n\n\n<p>La lectura de los art\u00edculos, gu\u00edas o respuestas a preguntas frecuentes no constituye una relaci\u00f3n abogado-cliente. <strong>EVERY LEGAL<\/strong> recomienda encarecidamente al USUARIO no tomar decisiones basadas \u00fanicamente en la informaci\u00f3n recogida en este sitio web sin el asesoramiento profesional adecuado a sus circunstancias particulares.<\/p>\n\n\\n\n\n<ol start=\\\"4\\\">\\n\n\n<li><strong> Uso del Portal<\/strong><\/li>\n\n\\n<\/ol>\n\n\\n\n\n<p>El USUARIO asume la responsabilidad del uso del portal. Dicha responsabilidad se extiende al registro que fuese necesario para acceder a determinados servicios o contenidos.<\/p>\n\n\\n\n\n<p>El USUARIO se compromete a hacer un uso adecuado de los contenidos y servicios que <strong>EVERY LEGAL<\/strong> ofrece a trav\u00e9s de su portal y, con car\u00e1cter enunciativo pero no limitativo, a no emplearlos para:<\/p>\n\n\\n\n\n<ol>\\n\n\n<li>Incurrir en actividades il\u00edcitas, ilegales o contrarias a la buena fe y al orden p\u00fablico.<\/li>\n\n\\n\n\n<li>Difundir contenidos o propaganda de car\u00e1cter racista, xen\u00f3fobo, pornogr\u00e1fico-ilegal, de apolog\u00eda del terrorismo o atentatorio contra los derechos humanos.<\/li>\n\n\\n\n\n<li>Provocar da\u00f1os en los sistemas f\u00edsicos y l\u00f3gicos de <strong>EVERY LEGAL<\/strong>, de sus proveedores o de terceras personas, introducir o difundir en la red virus inform\u00e1ticos o cualesquiera otros sistemas que sean susceptibles de provocar los da\u00f1os anteriormente mencionados.<\/li>\n\n\\n\n\n<li>Intentar acceder y, en su caso, utilizar las cuentas de correo electr\u00f3nico de otros usuarios y modificar o manipular sus mensajes.<\/li>\n\n\\n<\/ol>\n\n\\n\n\n<ol start=\\\"5\\\">\\n\n\n<li><strong> Protecci\u00f3n de Datos<\/strong><\/li>\n\n\\n<\/ol>\n\n\\n\n\n<p><strong>EVERY LEGAL<\/strong> cumple con las directrices del Reglamento (UE) 2016\/679 (RGPD) y la Ley Org\u00e1nica 3\/2018 de Protecci\u00f3n de Datos Personales y garant\u00eda de los derechos digitales.<\/p>\n\n\\n\n\n<p>Para m\u00e1s informaci\u00f3n sobre c\u00f3mo tratamos sus datos personales, consulte nuestra pol\u00edtica de privacidad.<\/p>\n\n\\n\n\n<ol start=\\\"6\\\">\\n\n\n<li><strong> Propiedad Intelectual e Industrial<\/strong><\/li>\n\n\\n<\/ol>\n\n\\n\n\n<p><strong>EVERY LEGAL<\/strong> por s\u00ed o como cesionaria, es titular de todos los derechos de propiedad intelectual e industrial de su p\u00e1gina web, as\u00ed como de los elementos contenidos en la misma (a t\u00edtulo enunciativo: im\u00e1genes, sonido, audio, v\u00eddeo, software o textos; marcas o logotipos, combinaciones de colores, estructura y dise\u00f1o, selecci\u00f3n de materiales usados, programas de ordenador necesarios para su funcionamiento, acceso y uso, etc.).<\/p>\n\n\\n\n\n<p><strong>Todos los derechos reservados.<\/strong> En virtud de lo dispuesto en la Ley de Propiedad Intelectual, quedan expresamente prohibidas la reproducci\u00f3n, la distribuci\u00f3n y la comunicaci\u00f3n p\u00fablica, incluida su modalidad de puesta a disposici\u00f3n, de la totalidad o parte de los contenidos de esta p\u00e1gina web, con fines comerciales, en cualquier soporte y por cualquier medio t\u00e9cnico, sin la autorizaci\u00f3n de <strong>EVERY LEGAL<\/strong>.<\/p>\n\n\\n\n\n<ol start=\\\"7\\\">\\n\n\n<li><strong> Exclusi\u00f3n de Garant\u00edas y Responsabilidad<\/strong><\/li>\n\n\\n<\/ol>\n\n\\n\n\n<p><strong>EVERY LEGAL<\/strong> no se hace responsable, en ning\u00fan caso, de los da\u00f1os y perjuicios de cualquier naturaleza que pudieran ocasionar, a t\u00edtulo enunciativo: errores u omisiones en los contenidos, falta de disponibilidad del portal o la transmisi\u00f3n de virus o programas maliciosos o lesivos en los contenidos, a pesar de haber adoptado todas las medidas tecnol\u00f3gicas necesarias para evitarlo.<\/p>\n\n\\n\n\n<p>Asimismo, <strong>EVERY LEGAL<\/strong> no garantiza la exactitud, exhaustividad o actualidad de la informaci\u00f3n legal contenida en el sitio web, dado que las leyes y regulaciones est\u00e1n sujetas a cambios frecuentes.<\/p>\n\n\\n\n\n<ol start=\\\"8\\\">\\n\n\n<li><strong> Modificaciones<\/strong><\/li>\n\n\\n<\/ol>\n\n\\n\n\n<p><strong>EVERY LEGAL<\/strong> se reserva el derecho de efectuar sin previo aviso las modificaciones que considere oportunas en su portal, pudiendo cambiar, suprimir o a\u00f1adir tanto los contenidos y servicios que se presten a trav\u00e9s de la misma como la forma en la que \u00e9stos aparezcan presentados o localizados en su portal.<\/p>\n\n\\n\n\n<ol start=\\\"9\\\">\\n\n\n<li><strong> Enlaces (Links)<\/strong><\/li>\n\n\\n<\/ol>\n\n\\n\n\n<p>En el caso de que en <a href=\\\"https:\/\/www.every.es\/\\\">https:\/\/www.every.es\/<\/a> se dispusiesen enlaces o hiperv\u00ednculos hac\u00eda otros sitios de Internet, <strong>EVERY LEGAL<\/strong> no ejercer\u00e1 ning\u00fan tipo de control sobre dichos sitios y contenidos. En ning\u00fan caso <strong>EVERY LEGAL<\/strong> asumir\u00e1 responsabilidad alguna por los contenidos de alg\u00fan enlace perteneciente a un sitio web ajeno, ni garantizar\u00e1 la disponibilidad t\u00e9cnica, calidad, fiabilidad, exactitud, amplitud, veracidad, validez y constitucionalidad de cualquier material o informaci\u00f3n contenida en ninguno de dichos hiperv\u00ednculos u otros sitios de Internet.<\/p>\n\n\\n\n\n<ol start=\\\"10\\\">\\n\n\n<li><strong> Derecho de Exclusi\u00f3n<\/strong><\/li>\n\n\\n<\/ol>\n\n\\n\n\n<p><strong>EVERY LEGAL<\/strong> se reserva el derecho a denegar o retirar el acceso a portal y\/o los servicios ofrecidos sin necesidad de preaviso, a instancia propia o de un tercero, a aquellos usuarios que incumplan las presentes Condiciones Generales de Uso.<\/p>\n\n\\n\n\n<ol start=\\\"11\\\">\\n\n\n<li><strong> Contrataci\u00f3n de Servicios<\/strong><\/li>\n\n\\n<\/ol>\n\n\\n\n\n<p>La contrataci\u00f3n de los servicios legales ofrecidos por <strong>EVERY LEGAL<\/strong> (tales como tramitaci\u00f3n de visas, divorcios, asesoramiento fiscal, etc.) se regir\u00e1 por las condiciones particulares y la Hoja de Encargo Profesional que se firmar\u00e1 espec\u00edficamente entre el cliente y el abogado antes del inicio del servicio. El mero uso de la web no implica contrataci\u00f3n formal.<\/p>\n\n\\n\n\n<ol start=\\\"12\\\">\\n\n\n<li><strong> Legislaci\u00f3n Aplicable y Jurisdicci\u00f3n<\/strong><\/li>\n\n\\n<\/ol>\n\n\\n\n\n<p>La relaci\u00f3n entre <strong>EVERY LEGAL<\/strong> y el USUARIO se regir\u00e1 por la normativa espa\u00f1ola vigente. Para la resoluci\u00f3n de cualquier controversia, las partes se someten a los <strong>Juzgados y Tribunales de la ciudad de Barcelona<\/strong>, renunciando expresamente a cualquier otro fuero que pudiera corresponderles, salvo que la ley aplicable disponga imperativamente lo contrario (como en el caso de consumidores y usuarios).<\/p>\n\n\",\"margin_bottom\":\"xlarge\",\"margin_top\":\"remove\",\"maxwidth\":\"2xlarge\",\"text_align\":\"left\",\"text_style\":\"lead\"}}]}]}]}],\"version\":\"5.0.8\"} --><\/p>\n","protected":false},"excerpt":{"rendered":"<p>T\u00e9rminos y condiciones Datos Identificativos En cumplimiento con el deber de informaci\u00f3n recogido en el art\u00edculo 10 de la Ley 34\/2002, de 11 de julio, de Servicios de la Sociedad de la Informaci\u00f3n y del Comercio Electr\u00f3nico (LSSI-CE), se reflejan a continuaci\u00f3n los datos del titular del sitio web: Titular: Ingrid Hern\u00e1ndez Garc\u00eda (en adelante, [&hellip;]<\/p>\n","protected":false},"author":1,"featured_media":0,"parent":0,"menu_order":0,"comment_status":"closed","ping_status":"closed","template":"","meta":{"_acf_changed":false,"footnotes":""},"class_list":["post-3810","page","type-page","status-publish","hentry"],"acf":[],"yoast_head":"<!-- This site is optimized with the Yoast SEO plugin v27.4 - https:\/\/yoast.com\/product\/yoast-seo-wordpress\/ -->\n<title>T\u00e9rminos y Condiciones de Uso y Aviso Legal - Abogados en Sabadell Every Legal<\/title>\n<meta name=\"description\" content=\"T\u00e9rminos y Condiciones de uso y aviso Legal de Every Legal\" \/>\n<meta name=\"robots\" content=\"noindex, nofollow\" \/>\n<meta property=\"og:locale\" content=\"ca_ES\" \/>\n<meta property=\"og:type\" content=\"article\" \/>\n<meta property=\"og:title\" content=\"T\u00e9rminos y Condiciones de Uso y Aviso Legal - Abogados en Sabadell Every Legal\" \/>\n<meta property=\"og:description\" content=\"T\u00e9rminos y Condiciones de uso y aviso Legal de Every Legal\" \/>\n<meta property=\"og:url\" content=\"https:\/\/every.es\/ca\/terminos-y-condiciones-de-uso-y-aviso-legal\/\" \/>\n<meta property=\"og:site_name\" content=\"Abogados en Sabadell Every Legal\" \/>\n<meta property=\"article:modified_time\" content=\"2026-01-28T18:09:07+00:00\" \/>\n<meta name=\"twitter:card\" content=\"summary_large_image\" \/>\n<meta name=\"twitter:label1\" content=\"Est. reading time\" \/>\n\t<meta name=\"twitter:data1\" content=\"5 minuts\" \/>\n<script type=\"application\/ld+json\" class=\"yoast-schema-graph\">{\"@context\":\"https:\\\/\\\/schema.org\",\"@graph\":[{\"@type\":\"WebPage\",\"@id\":\"https:\\\/\\\/every.es\\\/terminos-y-condiciones-de-uso-y-aviso-legal\\\/\",\"url\":\"https:\\\/\\\/every.es\\\/terminos-y-condiciones-de-uso-y-aviso-legal\\\/\",\"name\":\"T\u00e9rminos y Condiciones de Uso y Aviso Legal - Abogados en Sabadell Every Legal\",\"isPartOf\":{\"@id\":\"https:\\\/\\\/every.es\\\/#website\"},\"datePublished\":\"2026-01-28T15:21:32+00:00\",\"dateModified\":\"2026-01-28T18:09:07+00:00\",\"description\":\"T\u00e9rminos y Condiciones de uso y aviso Legal de Every Legal\",\"breadcrumb\":{\"@id\":\"https:\\\/\\\/every.es\\\/terminos-y-condiciones-de-uso-y-aviso-legal\\\/#breadcrumb\"},\"inLanguage\":\"ca\",\"potentialAction\":[{\"@type\":\"ReadAction\",\"target\":[\"https:\\\/\\\/every.es\\\/terminos-y-condiciones-de-uso-y-aviso-legal\\\/\"]}]},{\"@type\":\"BreadcrumbList\",\"@id\":\"https:\\\/\\\/every.es\\\/terminos-y-condiciones-de-uso-y-aviso-legal\\\/#breadcrumb\",\"itemListElement\":[{\"@type\":\"ListItem\",\"position\":1,\"name\":\"Home\",\"item\":\"https:\\\/\\\/every.es\\\/\"},{\"@type\":\"ListItem\",\"position\":2,\"name\":\"T\u00e9rminos y Condiciones de Uso y Aviso Legal\"}]},{\"@type\":\"WebSite\",\"@id\":\"https:\\\/\\\/every.es\\\/#website\",\"url\":\"https:\\\/\\\/every.es\\\/\",\"name\":\"Every Legal\",\"description\":\"Las mejores abogadas de Sabadell\",\"publisher\":{\"@id\":\"https:\\\/\\\/every.es\\\/#organization\"},\"potentialAction\":[{\"@type\":\"SearchAction\",\"target\":{\"@type\":\"EntryPoint\",\"urlTemplate\":\"https:\\\/\\\/every.es\\\/?s={search_term_string}\"},\"query-input\":{\"@type\":\"PropertyValueSpecification\",\"valueRequired\":true,\"valueName\":\"search_term_string\"}}],\"inLanguage\":\"ca\"},{\"@type\":\"Organization\",\"@id\":\"https:\\\/\\\/every.es\\\/#organization\",\"name\":\"Every Legal\",\"url\":\"https:\\\/\\\/every.es\\\/\",\"logo\":{\"@type\":\"ImageObject\",\"inLanguage\":\"ca\",\"@id\":\"https:\\\/\\\/every.es\\\/#\\\/schema\\\/logo\\\/image\\\/\",\"url\":\"https:\\\/\\\/every.es\\\/wp-content\\\/uploads\\\/2024\\\/07\\\/Logo-Every-verde.png\",\"contentUrl\":\"https:\\\/\\\/every.es\\\/wp-content\\\/uploads\\\/2024\\\/07\\\/Logo-Every-verde.png\",\"width\":842,\"height\":595,\"caption\":\"Every Legal\"},\"image\":{\"@id\":\"https:\\\/\\\/every.es\\\/#\\\/schema\\\/logo\\\/image\\\/\"},\"sameAs\":[\"https:\\\/\\\/www.linkedin.com\\\/company\\\/every-legal\\\/\"]}]}<\/script>\n<!-- \/ Yoast SEO plugin. -->","yoast_head_json":{"title":"T\u00e9rminos y Condiciones de Uso y Aviso Legal - Abogados en Sabadell Every Legal","description":"T\u00e9rminos y Condiciones de uso y aviso Legal de Every Legal","robots":{"index":"noindex","follow":"nofollow"},"og_locale":"ca_ES","og_type":"article","og_title":"T\u00e9rminos y Condiciones de Uso y Aviso Legal - Abogados en Sabadell Every Legal","og_description":"T\u00e9rminos y Condiciones de uso y aviso Legal de Every Legal","og_url":"https:\/\/every.es\/ca\/terminos-y-condiciones-de-uso-y-aviso-legal\/","og_site_name":"Abogados en Sabadell Every Legal","article_modified_time":"2026-01-28T18:09:07+00:00","twitter_card":"summary_large_image","twitter_misc":{"Est. reading time":"5 minuts"},"schema":{"@context":"https:\/\/schema.org","@graph":[{"@type":"WebPage","@id":"https:\/\/every.es\/terminos-y-condiciones-de-uso-y-aviso-legal\/","url":"https:\/\/every.es\/terminos-y-condiciones-de-uso-y-aviso-legal\/","name":"T\u00e9rminos y Condiciones de Uso y Aviso Legal - Abogados en Sabadell Every Legal","isPartOf":{"@id":"https:\/\/every.es\/#website"},"datePublished":"2026-01-28T15:21:32+00:00","dateModified":"2026-01-28T18:09:07+00:00","description":"T\u00e9rminos y Condiciones de uso y aviso Legal de Every Legal","breadcrumb":{"@id":"https:\/\/every.es\/terminos-y-condiciones-de-uso-y-aviso-legal\/#breadcrumb"},"inLanguage":"ca","potentialAction":[{"@type":"ReadAction","target":["https:\/\/every.es\/terminos-y-condiciones-de-uso-y-aviso-legal\/"]}]},{"@type":"BreadcrumbList","@id":"https:\/\/every.es\/terminos-y-condiciones-de-uso-y-aviso-legal\/#breadcrumb","itemListElement":[{"@type":"ListItem","position":1,"name":"Home","item":"https:\/\/every.es\/"},{"@type":"ListItem","position":2,"name":"T\u00e9rminos y Condiciones de Uso y Aviso Legal"}]},{"@type":"WebSite","@id":"https:\/\/every.es\/#website","url":"https:\/\/every.es\/","name":"Every Legal","description":"Las mejores abogadas de Sabadell","publisher":{"@id":"https:\/\/every.es\/#organization"},"potentialAction":[{"@type":"SearchAction","target":{"@type":"EntryPoint","urlTemplate":"https:\/\/every.es\/?s={search_term_string}"},"query-input":{"@type":"PropertyValueSpecification","valueRequired":true,"valueName":"search_term_string"}}],"inLanguage":"ca"},{"@type":"Organization","@id":"https:\/\/every.es\/#organization","name":"Every Legal","url":"https:\/\/every.es\/","logo":{"@type":"ImageObject","inLanguage":"ca","@id":"https:\/\/every.es\/#\/schema\/logo\/image\/","url":"https:\/\/every.es\/wp-content\/uploads\/2024\/07\/Logo-Every-verde.png","contentUrl":"https:\/\/every.es\/wp-content\/uploads\/2024\/07\/Logo-Every-verde.png","width":842,"height":595,"caption":"Every Legal"},"image":{"@id":"https:\/\/every.es\/#\/schema\/logo\/image\/"},"sameAs":["https:\/\/www.linkedin.com\/company\/every-legal\/"]}]}},"_links":{"self":[{"href":"https:\/\/every.es\/ca\/wp-json\/wp\/v2\/pages\/3810","targetHints":{"allow":["GET"]}}],"collection":[{"href":"https:\/\/every.es\/ca\/wp-json\/wp\/v2\/pages"}],"about":[{"href":"https:\/\/every.es\/ca\/wp-json\/wp\/v2\/types\/page"}],"author":[{"embeddable":true,"href":"https:\/\/every.es\/ca\/wp-json\/wp\/v2\/users\/1"}],"replies":[{"embeddable":true,"href":"https:\/\/every.es\/ca\/wp-json\/wp\/v2\/comments?post=3810"}],"version-history":[{"count":3,"href":"https:\/\/every.es\/ca\/wp-json\/wp\/v2\/pages\/3810\/revisions"}],"predecessor-version":[{"id":3821,"href":"https:\/\/every.es\/ca\/wp-json\/wp\/v2\/pages\/3810\/revisions\/3821"}],"wp:attachment":[{"href":"https:\/\/every.es\/ca\/wp-json\/wp\/v2\/media?parent=3810"}],"curies":[{"name":"wp","href":"https:\/\/api.w.org\/{rel}","templated":true}]}}