{"id":1369,"date":"2024-07-16T09:59:10","date_gmt":"2024-07-16T09:59:10","guid":{"rendered":"https:\/\/every.es\/?page_id=1369"},"modified":"2024-08-06T10:08:07","modified_gmt":"2024-08-06T10:08:07","slug":"thais-nkoba","status":"publish","type":"page","link":"https:\/\/every.es\/ca\/thais-nkoba\/","title":{"rendered":"Thais N\u2019koba"},"content":{"rendered":"<h1>Thais <br class=\"uk-visible@s\" \/>N\u2019koba<\/h1>\n<p><img decoding=\"async\" src=\"\/wp-content\/uploads\/about-right.svg\" alt=\"\"><br \/>\n<img decoding=\"async\" src=\"\/wp-content\/uploads\/2024\/07\/thais-nkoba-abogada-sabadell.png\" alt=\"Thais N\u2019koba abogada en Sabadell\"><\/p>\n<h2>\u201eEl \u00e9xito en el derecho radica en la capacidad de combinar pasi\u00f3n, conocimiento y \u00e9tica profesional.\u201c<\/h2>\n<div>\u2014 Thais N\u2019koba<\/div>\n<h2>Me presento<\/h2>\n<div>Soy especialista y asesora en extranjer\u00eda y movilidad internacional con m\u00e1s de 10 a\u00f1os de experiencia en despachos de abogados. A lo largo de mi carrera, he tenido la oportunidad de guiar y apoyar a muchas personas en sus procesos de inmigraci\u00f3n. He complementado mi experiencia con numerosos cursos de especializaci\u00f3n en el \u00e1rea para ofrecer siempre el mejor asesoramiento posible. Adem\u00e1s, soy especialista en mediaci\u00f3n y resoluci\u00f3n de conflictos en materia civil, lo que me permite manejar situaciones complejas de manera efectiva y justa. Estar\u00e9 siempre contigo y te ayudar\u00e9 en todo lo que necesites.<\/div>\n<p><img decoding=\"async\" src=\"\/wp-content\/uploads\/2024\/07\/tais-nkoba-abogada-sabadell.png\" alt=\"contacta con Thais Nkoba\"><\/p>\n<h2>Contacta conmigo<\/h2>\n<div>\n<p>Env\u00edame un correo electr\u00f3nico y lo revisar\u00e9 lo antes posible<\/p>\n<\/div>\n<div><span class=\"uk-text-bolder\">Estamos en contacto<\/span><\/div>\n<div><a href=\"mailto:thais.nkoba@every.es\">thais.nkoba@every.es<\/a><\/div>\n<p><!--more--><br \/>\n<!-- {\"type\":\"layout\",\"children\":[{\"type\":\"section\",\"props\":{\"animation\":\"fade\",\"animation_delay\":false,\"header_transparent\":true,\"header_transparent_text_color\":\"dark\",\"html_element\":\"header\",\"image_effect\":\"parallax\",\"image_parallax_bgy\":\"0,-600\",\"image_parallax_easing\":\"1\",\"image_position\":\"top-right\",\"padding\":\"large\",\"padding_remove_bottom\":true,\"style\":\"muted\",\"title_breakpoint\":\"xl\",\"title_position\":\"top-left\",\"title_rotation\":\"left\",\"vertical_align\":\"\",\"width\":\"xlarge\"},\"children\":[{\"type\":\"row\",\"props\":{\"layout\":\"3-4,1-4\",\"margin\":\"xlarge\"},\"children\":[{\"type\":\"column\",\"props\":{\"image_position\":\"center-center\",\"position_sticky_breakpoint\":\"m\",\"width_small\":\"3-4\",\"widths\":[\"1-1\"]},\"children\":[{\"type\":\"headline\",\"props\":{\"content\":\"Thais <br class=\\\"uk-visible@s\\\" \\\/>N\\u2019koba\",\"position\":\"relative\",\"position_z_index\":\"3\",\"title_element\":\"h1\",\"title_style\":\"heading-medium\"}}]},{\"type\":\"column\",\"props\":{\"image_position\":\"center-center\",\"position_sticky_breakpoint\":\"m\",\"width_small\":\"1-4\"},\"children\":[{\"type\":\"image\",\"props\":{\"animation\":\"parallax\",\"css\":\".el-image { max-width: 45vw; }\",\"image\":\"wp-content\\\/uploads\\\/about-right.svg\",\"image_loading\":true,\"image_svg_color\":\"emphasis\",\"margin\":\"default\",\"parallax_easing\":\"0.5\",\"parallax_y\":\"5vh,-7vh\",\"position\":\"absolute\",\"position_right\":\"-80\",\"position_top\":\"-10vh\",\"position_z_index\":\"0\",\"text_align\":\"right\",\"visibility\":\"m\"}}]}]},{\"type\":\"row\",\"props\":{\"column_gap\":\"large\",\"layout\":\"1-2,1-2\",\"margin\":\"xlarge\"},\"children\":[{\"type\":\"column\",\"props\":{\"image_position\":\"center-center\",\"position_sticky_breakpoint\":\"m\",\"width_medium\":\"1-2\",\"widths\":[\"2-3\"]},\"children\":[{\"type\":\"image\",\"props\":{\"animation\":\"parallax\",\"image\":\"wp-content\\\/uploads\\\/2024\\\/07\\\/thais-nkoba-abogada-sabadell.png\",\"image_alt\":\"Thais N\\u2019koba abogada en Sabadell\",\"image_border\":\"rounded\",\"image_loading\":true,\"image_svg_color\":\"emphasis\",\"image_width\":\"765\",\"margin\":\"large\",\"parallax_easing\":\"1\",\"parallax_y\":\"-5vh,3vh\",\"position\":\"relative\",\"position_right\":\"90\",\"position_top\":\"2vh\",\"text_align\":\"center\",\"text_align_breakpoint\":\"m\",\"text_align_fallback\":\"right\"}}]},{\"type\":\"column\",\"props\":{\"image_position\":\"center-center\",\"position_sticky_breakpoint\":\"m\",\"vertical_align\":\"middle\",\"width_medium\":\"1-2\",\"widths\":[\"1-3\"]},\"children\":[{\"type\":\"headline\",\"props\":{\"content\":\"\\u201eEl \\u00e9xito en el derecho radica en la capacidad de combinar pasi\\u00f3n, conocimiento y \\u00e9tica profesional.\\u201c\",\"maxwidth\":\"xlarge\",\"title_element\":\"h2\",\"title_style\":\"h1\"}},{\"type\":\"text\",\"props\":{\"column_breakpoint\":\"m\",\"content\":\"\\u2014 Thais N\\u2019koba\",\"margin\":\"medium\"}}]}]},{\"type\":\"row\",\"props\":{\"layout\":\"2-3,1-3\"},\"children\":[{\"type\":\"column\",\"props\":{\"image_position\":\"center-center\",\"position_sticky_breakpoint\":\"m\",\"width_medium\":\"2-3\"},\"children\":[{\"type\":\"headline\",\"props\":{\"content\":\"Me presento\",\"margin\":\"medium\",\"position\":\"relative\",\"title_element\":\"h2\"}},{\"type\":\"text\",\"props\":{\"column\":\"1-2\",\"column_breakpoint\":\"m\",\"content\":\"Soy especialista y asesora en extranjer\\u00eda y movilidad internacional con m\\u00e1s de 10 a\\u00f1os de experiencia en despachos de abogados. A lo largo de mi carrera, he tenido la oportunidad de guiar y apoyar a muchas personas en sus procesos de inmigraci\\u00f3n. He complementado mi experiencia con numerosos cursos de especializaci\\u00f3n en el \\u00e1rea para ofrecer siempre el mejor asesoramiento posible. Adem\\u00e1s, soy especialista en mediaci\\u00f3n y resoluci\\u00f3n de conflictos en materia civil, lo que me permite manejar situaciones complejas de manera efectiva y justa. Estar\\u00e9 siempre contigo y te ayudar\\u00e9 en todo lo que necesites.\",\"dropcap\":true,\"margin\":\"default\",\"position\":\"relative\"}}]},{\"type\":\"column\",\"props\":{\"image_position\":\"center-center\",\"position_sticky_breakpoint\":\"m\",\"width_medium\":\"1-3\"}}]}],\"name\":\"About\"},{\"type\":\"section\",\"props\":{\"animation\":\"slide-bottom-small\",\"html_element\":\"section\",\"id\":\"cta\",\"image_position\":\"center-center\",\"style\":\"muted\",\"title_breakpoint\":\"xl\",\"title_position\":\"top-left\",\"title_rotation\":\"left\",\"vertical_align\":\"\",\"width\":\"xlarge\"},\"children\":[{\"type\":\"row\",\"props\":{\"column_gap\":\"large\",\"layout\":\"1-2,1-2\"},\"children\":[{\"type\":\"column\",\"props\":{\"image_position\":\"center-center\",\"position_sticky_breakpoint\":\"m\",\"vertical_align\":\"middle\",\"width_medium\":\"1-2\",\"widths\":[\"3-4\"]},\"children\":[{\"type\":\"image\",\"props\":{\"animation\":\"parallax\",\"css\":\".el-image { max-width: 70vw; }\",\"image\":\"wp-content\\\/uploads\\\/2024\\\/07\\\/tais-nkoba-abogada-sabadell.png\",\"image_alt\":\"contacta con Thais Nkoba\",\"image_svg_color\":\"emphasis\",\"margin\":\"default\",\"parallax_easing\":\"1\",\"parallax_y\":\"-3vh,3vh\",\"position\":\"relative\",\"position_right\":\"-60\",\"position_z_index\":\"0\",\"text_align\":\"center\",\"text_align_breakpoint\":\"m\"}}]},{\"type\":\"column\",\"props\":{\"image_position\":\"center-center\",\"order_first\":\"m\",\"position_sticky_breakpoint\":\"m\",\"vertical_align\":\"middle\",\"width_medium\":\"1-2\"},\"children\":[{\"type\":\"headline\",\"props\":{\"content\":\"Contacta conmigo\",\"position\":\"relative\",\"position_z_index\":\"3\",\"title_element\":\"h2\",\"title_style\":\"heading-small\"}},{\"type\":\"text\",\"props\":{\"column_breakpoint\":\"m\",\"content\":\"\n\n<p>Env\\u00edame un correo electr\\u00f3nico y lo revisar\\u00e9 lo antes posible<\\\/p>\",\"margin\":\"medium\",\"text_style\":\"lead\"}},{\"type\":\"text\",\"props\":{\"column_breakpoint\":\"m\",\"content\":\"<span class=\\\"uk-text-bolder\\\">Estamos en contacto<\\\/span>\",\"margin\":\"large\",\"margin_remove_bottom\":true}},{\"type\":\"text\",\"props\":{\"column_breakpoint\":\"m\",\"content\":\"<a href=\\\"mailto:thais.nkoba@every.es\\\">thais.nkoba@every.es<\\\/a>\",\"margin\":\"default\",\"text_style\":\"large\"}}]}]}],\"name\":\"Call to Action\"}],\"version\":\"4.4.6\"} --><\/p>\n","protected":false},"excerpt":{"rendered":"<p>Thais N\u2019koba \u201eEl \u00e9xito en el derecho radica en la capacidad de combinar pasi\u00f3n, conocimiento y \u00e9tica profesional.\u201c \u2014 Thais N\u2019koba Me presento Soy especialista y asesora en extranjer\u00eda y movilidad internacional con m\u00e1s de 10 a\u00f1os de experiencia en despachos de abogados. A lo largo de mi carrera, he tenido la oportunidad de guiar [&hellip;]<\/p>\n","protected":false},"author":1,"featured_media":1233,"parent":0,"menu_order":0,"comment_status":"closed","ping_status":"closed","template":"","meta":{"_acf_changed":false,"footnotes":""},"class_list":["post-1369","page","type-page","status-publish","has-post-thumbnail","hentry"],"acf":[],"yoast_head":"<!-- This site is optimized with the Yoast SEO plugin v27.4 - https:\/\/yoast.com\/product\/yoast-seo-wordpress\/ -->\n<title>Thais N\u2019koba - Every Legal<\/title>\n<meta name=\"description\" content=\"Thais N\u2019koba es especialista en extranjer\u00eda e internacional con 10+ a\u00f1os de experiencia. Asesoramiento experto y mediaci\u00f3n en conflictos\" \/>\n<meta name=\"robots\" content=\"index, follow, max-snippet:-1, max-image-preview:large, max-video-preview:-1\" \/>\n<link rel=\"canonical\" href=\"https:\/\/every.es\/ca\/thais-nkoba\/\" \/>\n<meta property=\"og:locale\" content=\"ca_ES\" \/>\n<meta property=\"og:type\" content=\"article\" \/>\n<meta property=\"og:title\" content=\"Thais N\u2019koba - Every Legal\" \/>\n<meta property=\"og:description\" content=\"Thais N\u2019koba es especialista en extranjer\u00eda e internacional con 10+ a\u00f1os de experiencia. Asesoramiento experto y mediaci\u00f3n en conflictos\" \/>\n<meta property=\"og:url\" content=\"https:\/\/every.es\/ca\/thais-nkoba\/\" \/>\n<meta property=\"og:site_name\" content=\"Abogados en Sabadell Every Legal\" \/>\n<meta property=\"article:modified_time\" content=\"2024-08-06T10:08:07+00:00\" \/>\n<meta property=\"og:image\" content=\"https:\/\/every.es\/wp-content\/uploads\/2024\/07\/abogado-de-extranjeria-en-sabadell.webp\" \/>\n\t<meta property=\"og:image:width\" content=\"1200\" \/>\n\t<meta property=\"og:image:height\" content=\"800\" \/>\n\t<meta property=\"og:image:type\" content=\"image\/webp\" \/>\n<meta name=\"twitter:card\" content=\"summary_large_image\" \/>\n<meta name=\"twitter:label1\" content=\"Est. reading time\" \/>\n\t<meta name=\"twitter:data1\" content=\"2 minuts\" \/>\n<script type=\"application\/ld+json\" class=\"yoast-schema-graph\">{\"@context\":\"https:\\\/\\\/schema.org\",\"@graph\":[{\"@type\":\"WebPage\",\"@id\":\"https:\\\/\\\/every.es\\\/thais-nkoba\\\/\",\"url\":\"https:\\\/\\\/every.es\\\/thais-nkoba\\\/\",\"name\":\"Thais N\u2019koba - Every Legal\",\"isPartOf\":{\"@id\":\"https:\\\/\\\/every.es\\\/#website\"},\"primaryImageOfPage\":{\"@id\":\"https:\\\/\\\/every.es\\\/thais-nkoba\\\/#primaryimage\"},\"image\":{\"@id\":\"https:\\\/\\\/every.es\\\/thais-nkoba\\\/#primaryimage\"},\"thumbnailUrl\":\"https:\\\/\\\/every.es\\\/wp-content\\\/uploads\\\/2024\\\/07\\\/abogado-de-extranjeria-en-sabadell.webp\",\"datePublished\":\"2024-07-16T09:59:10+00:00\",\"dateModified\":\"2024-08-06T10:08:07+00:00\",\"description\":\"Thais N\u2019koba es especialista en extranjer\u00eda e internacional con 10+ a\u00f1os de experiencia. Asesoramiento experto y mediaci\u00f3n en conflictos\",\"breadcrumb\":{\"@id\":\"https:\\\/\\\/every.es\\\/thais-nkoba\\\/#breadcrumb\"},\"inLanguage\":\"ca\",\"potentialAction\":[{\"@type\":\"ReadAction\",\"target\":[\"https:\\\/\\\/every.es\\\/thais-nkoba\\\/\"]}]},{\"@type\":\"ImageObject\",\"inLanguage\":\"ca\",\"@id\":\"https:\\\/\\\/every.es\\\/thais-nkoba\\\/#primaryimage\",\"url\":\"https:\\\/\\\/every.es\\\/wp-content\\\/uploads\\\/2024\\\/07\\\/abogado-de-extranjeria-en-sabadell.webp\",\"contentUrl\":\"https:\\\/\\\/every.es\\\/wp-content\\\/uploads\\\/2024\\\/07\\\/abogado-de-extranjeria-en-sabadell.webp\",\"width\":1200,\"height\":800},{\"@type\":\"BreadcrumbList\",\"@id\":\"https:\\\/\\\/every.es\\\/thais-nkoba\\\/#breadcrumb\",\"itemListElement\":[{\"@type\":\"ListItem\",\"position\":1,\"name\":\"Home\",\"item\":\"https:\\\/\\\/every.es\\\/\"},{\"@type\":\"ListItem\",\"position\":2,\"name\":\"Thais N\u2019koba\"}]},{\"@type\":\"WebSite\",\"@id\":\"https:\\\/\\\/every.es\\\/#website\",\"url\":\"https:\\\/\\\/every.es\\\/\",\"name\":\"Every Legal\",\"description\":\"Las mejores abogadas de Sabadell\",\"publisher\":{\"@id\":\"https:\\\/\\\/every.es\\\/#organization\"},\"potentialAction\":[{\"@type\":\"SearchAction\",\"target\":{\"@type\":\"EntryPoint\",\"urlTemplate\":\"https:\\\/\\\/every.es\\\/?s={search_term_string}\"},\"query-input\":{\"@type\":\"PropertyValueSpecification\",\"valueRequired\":true,\"valueName\":\"search_term_string\"}}],\"inLanguage\":\"ca\"},{\"@type\":\"Organization\",\"@id\":\"https:\\\/\\\/every.es\\\/#organization\",\"name\":\"Every Legal\",\"url\":\"https:\\\/\\\/every.es\\\/\",\"logo\":{\"@type\":\"ImageObject\",\"inLanguage\":\"ca\",\"@id\":\"https:\\\/\\\/every.es\\\/#\\\/schema\\\/logo\\\/image\\\/\",\"url\":\"https:\\\/\\\/every.es\\\/wp-content\\\/uploads\\\/2024\\\/07\\\/Logo-Every-verde.png\",\"contentUrl\":\"https:\\\/\\\/every.es\\\/wp-content\\\/uploads\\\/2024\\\/07\\\/Logo-Every-verde.png\",\"width\":842,\"height\":595,\"caption\":\"Every Legal\"},\"image\":{\"@id\":\"https:\\\/\\\/every.es\\\/#\\\/schema\\\/logo\\\/image\\\/\"},\"sameAs\":[\"https:\\\/\\\/www.linkedin.com\\\/company\\\/every-legal\\\/\"]}]}<\/script>\n<!-- \/ Yoast SEO plugin. -->","yoast_head_json":{"title":"Thais N\u2019koba - Every Legal","description":"Thais N\u2019koba es especialista en extranjer\u00eda e internacional con 10+ a\u00f1os de experiencia. Asesoramiento experto y mediaci\u00f3n en conflictos","robots":{"index":"index","follow":"follow","max-snippet":"max-snippet:-1","max-image-preview":"max-image-preview:large","max-video-preview":"max-video-preview:-1"},"canonical":"https:\/\/every.es\/ca\/thais-nkoba\/","og_locale":"ca_ES","og_type":"article","og_title":"Thais N\u2019koba - Every Legal","og_description":"Thais N\u2019koba es especialista en extranjer\u00eda e internacional con 10+ a\u00f1os de experiencia. Asesoramiento experto y mediaci\u00f3n en conflictos","og_url":"https:\/\/every.es\/ca\/thais-nkoba\/","og_site_name":"Abogados en Sabadell Every Legal","article_modified_time":"2024-08-06T10:08:07+00:00","og_image":[{"width":1200,"height":800,"url":"https:\/\/every.es\/wp-content\/uploads\/2024\/07\/abogado-de-extranjeria-en-sabadell.webp","type":"image\/webp"}],"twitter_card":"summary_large_image","twitter_misc":{"Est. reading time":"2 minuts"},"schema":{"@context":"https:\/\/schema.org","@graph":[{"@type":"WebPage","@id":"https:\/\/every.es\/thais-nkoba\/","url":"https:\/\/every.es\/thais-nkoba\/","name":"Thais N\u2019koba - Every Legal","isPartOf":{"@id":"https:\/\/every.es\/#website"},"primaryImageOfPage":{"@id":"https:\/\/every.es\/thais-nkoba\/#primaryimage"},"image":{"@id":"https:\/\/every.es\/thais-nkoba\/#primaryimage"},"thumbnailUrl":"https:\/\/every.es\/wp-content\/uploads\/2024\/07\/abogado-de-extranjeria-en-sabadell.webp","datePublished":"2024-07-16T09:59:10+00:00","dateModified":"2024-08-06T10:08:07+00:00","description":"Thais N\u2019koba es especialista en extranjer\u00eda e internacional con 10+ a\u00f1os de experiencia. Asesoramiento experto y mediaci\u00f3n en conflictos","breadcrumb":{"@id":"https:\/\/every.es\/thais-nkoba\/#breadcrumb"},"inLanguage":"ca","potentialAction":[{"@type":"ReadAction","target":["https:\/\/every.es\/thais-nkoba\/"]}]},{"@type":"ImageObject","inLanguage":"ca","@id":"https:\/\/every.es\/thais-nkoba\/#primaryimage","url":"https:\/\/every.es\/wp-content\/uploads\/2024\/07\/abogado-de-extranjeria-en-sabadell.webp","contentUrl":"https:\/\/every.es\/wp-content\/uploads\/2024\/07\/abogado-de-extranjeria-en-sabadell.webp","width":1200,"height":800},{"@type":"BreadcrumbList","@id":"https:\/\/every.es\/thais-nkoba\/#breadcrumb","itemListElement":[{"@type":"ListItem","position":1,"name":"Home","item":"https:\/\/every.es\/"},{"@type":"ListItem","position":2,"name":"Thais N\u2019koba"}]},{"@type":"WebSite","@id":"https:\/\/every.es\/#website","url":"https:\/\/every.es\/","name":"Every Legal","description":"Las mejores abogadas de Sabadell","publisher":{"@id":"https:\/\/every.es\/#organization"},"potentialAction":[{"@type":"SearchAction","target":{"@type":"EntryPoint","urlTemplate":"https:\/\/every.es\/?s={search_term_string}"},"query-input":{"@type":"PropertyValueSpecification","valueRequired":true,"valueName":"search_term_string"}}],"inLanguage":"ca"},{"@type":"Organization","@id":"https:\/\/every.es\/#organization","name":"Every Legal","url":"https:\/\/every.es\/","logo":{"@type":"ImageObject","inLanguage":"ca","@id":"https:\/\/every.es\/#\/schema\/logo\/image\/","url":"https:\/\/every.es\/wp-content\/uploads\/2024\/07\/Logo-Every-verde.png","contentUrl":"https:\/\/every.es\/wp-content\/uploads\/2024\/07\/Logo-Every-verde.png","width":842,"height":595,"caption":"Every Legal"},"image":{"@id":"https:\/\/every.es\/#\/schema\/logo\/image\/"},"sameAs":["https:\/\/www.linkedin.com\/company\/every-legal\/"]}]}},"_links":{"self":[{"href":"https:\/\/every.es\/ca\/wp-json\/wp\/v2\/pages\/1369","targetHints":{"allow":["GET"]}}],"collection":[{"href":"https:\/\/every.es\/ca\/wp-json\/wp\/v2\/pages"}],"about":[{"href":"https:\/\/every.es\/ca\/wp-json\/wp\/v2\/types\/page"}],"author":[{"embeddable":true,"href":"https:\/\/every.es\/ca\/wp-json\/wp\/v2\/users\/1"}],"replies":[{"embeddable":true,"href":"https:\/\/every.es\/ca\/wp-json\/wp\/v2\/comments?post=1369"}],"version-history":[{"count":25,"href":"https:\/\/every.es\/ca\/wp-json\/wp\/v2\/pages\/1369\/revisions"}],"predecessor-version":[{"id":1436,"href":"https:\/\/every.es\/ca\/wp-json\/wp\/v2\/pages\/1369\/revisions\/1436"}],"wp:featuredmedia":[{"embeddable":true,"href":"https:\/\/every.es\/ca\/wp-json\/wp\/v2\/media\/1233"}],"wp:attachment":[{"href":"https:\/\/every.es\/ca\/wp-json\/wp\/v2\/media?parent=1369"}],"curies":[{"name":"wp","href":"https:\/\/api.w.org\/{rel}","templated":true}]}}