{"id":1164,"date":"2024-07-11T10:40:46","date_gmt":"2024-07-11T10:40:46","guid":{"rendered":"https:\/\/every.es\/?page_id=1164"},"modified":"2024-12-18T10:10:20","modified_gmt":"2024-12-18T10:10:20","slug":"politica-de-cookies","status":"publish","type":"page","link":"https:\/\/every.es\/ca\/politica-de-cookies\/","title":{"rendered":"Pol\u00edtica de Cookies"},"content":{"rendered":"<h1>Pol\u00edtica de Cookies<\/h1>\n<hr>\n<div>\n<p>Este sitio web no incluye publicidad de terceros y no utiliza cookies para recoger informaci\u00f3n de las personas usuarias. \u00danicamente se utilizan cookies propias, de sesi\u00f3n, con finalidad t\u00e9cnica (aquellas que permiten a la persona usuaria la navegaci\u00f3n a trav\u00e9s del sitio web y la utilizaci\u00f3n de las diferentes opciones y servicios que en ella existen).<\/p>\n<p>El portal puede contener enlaces a sitios web de terceros, cuyas pol\u00edticas de privacidad son ajenas a EVERY LEGAL- ABOGADOS. Al acceder a tales sitios web usted puede decidir si acepta sus pol\u00edticas de privacidad y de cookies. Con car\u00e1cter general, si navega por internet usted puede aceptar o rechazar las cookies de terceros desde las opciones de configuraci\u00f3n de su navegador.<\/p>\n<p><strong>HOSTINGER operations<\/strong>, UAB puede utilizar cookies t\u00e9cnicas. El autor de este sitio web no tiene acceso, ni gestiona, ni controla los datos que el usuario pueda suministrar de forma voluntaria o involuntaria a https:\/\/www.hostinger.es a trav\u00e9s de cookies o de cualquier otra forma, ya que no ha contratado servicio alguno que exija el uso de cookies.<\/p>\n<p>Para m\u00e1s informaci\u00f3n rogamos env\u00ede un mensaje a\u00a0<a href=\"mailto:contacto@every.es\">contacto@every.es<\/a><\/p>\n<\/div>\n<p><!--more--><br \/>\n<!-- {\"type\":\"layout\",\"children\":[{\"name\":\"FAQ\",\"type\":\"section\",\"props\":{\"height_viewport\":false,\"html_element\":\"section\",\"image_position\":\"center-center\",\"image_size\":\"cover\",\"media\":\"images\\\/demo\\\/demo-image_01.jpg\",\"media_advanced\":true,\"media_background\":\"#fff\",\"media_overlay\":\"rgba(0,0,0,0)\",\"media_size\":\"cover\",\"padding\":\"large\",\"style\":\"default\",\"title_breakpoint\":\"xl\",\"title_position\":\"top-left\",\"title_rotation\":\"left\",\"vertical_align\":\"\",\"width\":\"small\"},\"children\":[{\"type\":\"row\",\"children\":[{\"type\":\"column\",\"props\":{\"image_position\":\"center-center\",\"position_sticky_breakpoint\":\"m\",\"width_medium\":\"1-1\"},\"children\":[{\"type\":\"headline\",\"props\":{\"block_align\":\"center\",\"content\":\"Pol\\u00edtica de Cookies\",\"margin_remove_bottom\":false,\"text_align\":\"center\",\"title_element\":\"h1\"}},{\"type\":\"divider\",\"props\":{\"divider_element\":\"hr\"}},{\"type\":\"text\",\"props\":{\"block_align\":\"center\",\"column_breakpoint\":\"m\",\"content\":\"\n\n<p>Este sitio web no incluye publicidad de terceros y no utiliza cookies para recoger informaci\\u00f3n de las personas usuarias. \\u00danicamente se utilizan cookies propias, de sesi\\u00f3n, con finalidad t\\u00e9cnica (aquellas que permiten a la persona usuaria la navegaci\\u00f3n a trav\\u00e9s del sitio web y la utilizaci\\u00f3n de las diferentes opciones y servicios que en ella existen).<\\\/p>\\n\n\n<p>El portal puede contener enlaces a sitios web de terceros, cuyas pol\\u00edticas de privacidad son ajenas a EVERY LEGAL- ABOGADOS. Al acceder a tales sitios web usted puede decidir si acepta sus pol\\u00edticas de privacidad y de cookies. Con car\\u00e1cter general, si navega por internet usted puede aceptar o rechazar las cookies de terceros desde las opciones de configuraci\\u00f3n de su navegador.<\\\/p>\\n\n\n<p><br \\\/><strong>HOSTINGER operations<\\\/strong>, UAB puede utilizar cookies t\\u00e9cnicas. El autor de este sitio web no tiene acceso, ni gestiona, ni controla los datos que el usuario pueda suministrar de forma voluntaria o involuntaria a https:\\\/\\\/www.hostinger.es a trav\\u00e9s de cookies o de cualquier otra forma, ya que no ha contratado servicio alguno que exija el uso de cookies.<\\\/p>\\n\n\n<p>Para m\\u00e1s informaci\\u00f3n rogamos env\\u00ede un mensaje a\\u00a0<a href=\\\"mailto:contacto@every.es\\\">contacto@every.es<\\\/a><\\\/p>\",\"margin\":\"xlarge\",\"margin_remove_top\":true,\"maxwidth\":\"2xlarge\",\"text_align\":\"center\",\"text_style\":\"lead\"}}]}]}]}],\"version\":\"4.4.5\"} --><\/p>\n","protected":false},"excerpt":{"rendered":"<p>Pol\u00edtica de Cookies Este sitio web no incluye publicidad de terceros y no utiliza cookies para recoger informaci\u00f3n de las personas usuarias. \u00danicamente se utilizan cookies propias, de sesi\u00f3n, con finalidad t\u00e9cnica (aquellas que permiten a la persona usuaria la navegaci\u00f3n a trav\u00e9s del sitio web y la utilizaci\u00f3n de las diferentes opciones y servicios [&hellip;]<\/p>\n","protected":false},"author":1,"featured_media":0,"parent":0,"menu_order":0,"comment_status":"closed","ping_status":"closed","template":"","meta":{"_acf_changed":false,"footnotes":""},"class_list":["post-1164","page","type-page","status-publish","hentry"],"acf":[],"yoast_head":"<!-- This site is optimized with the Yoast SEO plugin v27.4 - https:\/\/yoast.com\/product\/yoast-seo-wordpress\/ -->\n<title>Pol\u00edtica de Cookies - Abogados en Sabadell Every Legal<\/title>\n<meta name=\"robots\" content=\"noindex, nofollow\" \/>\n<meta property=\"og:locale\" content=\"ca_ES\" \/>\n<meta property=\"og:type\" content=\"article\" \/>\n<meta property=\"og:title\" content=\"Pol\u00edtica de Cookies - Abogados en Sabadell Every Legal\" \/>\n<meta property=\"og:description\" content=\"Pol\u00edtica de Cookies Este sitio web no incluye publicidad de terceros y no utiliza cookies para recoger informaci\u00f3n de las personas usuarias. \u00danicamente se utilizan cookies propias, de sesi\u00f3n, con finalidad t\u00e9cnica (aquellas que permiten a la persona usuaria la navegaci\u00f3n a trav\u00e9s del sitio web y la utilizaci\u00f3n de las diferentes opciones y servicios [&hellip;]\" \/>\n<meta property=\"og:url\" content=\"https:\/\/every.es\/ca\/politica-de-cookies\/\" \/>\n<meta property=\"og:site_name\" content=\"Abogados en Sabadell Every Legal\" \/>\n<meta property=\"article:modified_time\" content=\"2024-12-18T10:10:20+00:00\" \/>\n<meta name=\"twitter:card\" content=\"summary_large_image\" \/>\n<meta name=\"twitter:label1\" content=\"Est. reading time\" \/>\n\t<meta name=\"twitter:data1\" content=\"1 minut\" \/>\n<script type=\"application\/ld+json\" class=\"yoast-schema-graph\">{\"@context\":\"https:\\\/\\\/schema.org\",\"@graph\":[{\"@type\":\"WebPage\",\"@id\":\"https:\\\/\\\/every.es\\\/politica-de-cookies\\\/\",\"url\":\"https:\\\/\\\/every.es\\\/politica-de-cookies\\\/\",\"name\":\"Pol\u00edtica de Cookies - Abogados en Sabadell Every Legal\",\"isPartOf\":{\"@id\":\"https:\\\/\\\/every.es\\\/#website\"},\"datePublished\":\"2024-07-11T10:40:46+00:00\",\"dateModified\":\"2024-12-18T10:10:20+00:00\",\"breadcrumb\":{\"@id\":\"https:\\\/\\\/every.es\\\/politica-de-cookies\\\/#breadcrumb\"},\"inLanguage\":\"ca\",\"potentialAction\":[{\"@type\":\"ReadAction\",\"target\":[\"https:\\\/\\\/every.es\\\/politica-de-cookies\\\/\"]}]},{\"@type\":\"BreadcrumbList\",\"@id\":\"https:\\\/\\\/every.es\\\/politica-de-cookies\\\/#breadcrumb\",\"itemListElement\":[{\"@type\":\"ListItem\",\"position\":1,\"name\":\"Home\",\"item\":\"https:\\\/\\\/every.es\\\/\"},{\"@type\":\"ListItem\",\"position\":2,\"name\":\"Pol\u00edtica de Cookies\"}]},{\"@type\":\"WebSite\",\"@id\":\"https:\\\/\\\/every.es\\\/#website\",\"url\":\"https:\\\/\\\/every.es\\\/\",\"name\":\"Every Legal\",\"description\":\"Las mejores abogadas de Sabadell\",\"publisher\":{\"@id\":\"https:\\\/\\\/every.es\\\/#organization\"},\"potentialAction\":[{\"@type\":\"SearchAction\",\"target\":{\"@type\":\"EntryPoint\",\"urlTemplate\":\"https:\\\/\\\/every.es\\\/?s={search_term_string}\"},\"query-input\":{\"@type\":\"PropertyValueSpecification\",\"valueRequired\":true,\"valueName\":\"search_term_string\"}}],\"inLanguage\":\"ca\"},{\"@type\":\"Organization\",\"@id\":\"https:\\\/\\\/every.es\\\/#organization\",\"name\":\"Every Legal\",\"url\":\"https:\\\/\\\/every.es\\\/\",\"logo\":{\"@type\":\"ImageObject\",\"inLanguage\":\"ca\",\"@id\":\"https:\\\/\\\/every.es\\\/#\\\/schema\\\/logo\\\/image\\\/\",\"url\":\"https:\\\/\\\/every.es\\\/wp-content\\\/uploads\\\/2024\\\/07\\\/Logo-Every-verde.png\",\"contentUrl\":\"https:\\\/\\\/every.es\\\/wp-content\\\/uploads\\\/2024\\\/07\\\/Logo-Every-verde.png\",\"width\":842,\"height\":595,\"caption\":\"Every Legal\"},\"image\":{\"@id\":\"https:\\\/\\\/every.es\\\/#\\\/schema\\\/logo\\\/image\\\/\"},\"sameAs\":[\"https:\\\/\\\/www.linkedin.com\\\/company\\\/every-legal\\\/\"]}]}<\/script>\n<!-- \/ Yoast SEO plugin. -->","yoast_head_json":{"title":"Pol\u00edtica de Cookies - Abogados en Sabadell Every Legal","robots":{"index":"noindex","follow":"nofollow"},"og_locale":"ca_ES","og_type":"article","og_title":"Pol\u00edtica de Cookies - Abogados en Sabadell Every Legal","og_description":"Pol\u00edtica de Cookies Este sitio web no incluye publicidad de terceros y no utiliza cookies para recoger informaci\u00f3n de las personas usuarias. \u00danicamente se utilizan cookies propias, de sesi\u00f3n, con finalidad t\u00e9cnica (aquellas que permiten a la persona usuaria la navegaci\u00f3n a trav\u00e9s del sitio web y la utilizaci\u00f3n de las diferentes opciones y servicios [&hellip;]","og_url":"https:\/\/every.es\/ca\/politica-de-cookies\/","og_site_name":"Abogados en Sabadell Every Legal","article_modified_time":"2024-12-18T10:10:20+00:00","twitter_card":"summary_large_image","twitter_misc":{"Est. reading time":"1 minut"},"schema":{"@context":"https:\/\/schema.org","@graph":[{"@type":"WebPage","@id":"https:\/\/every.es\/politica-de-cookies\/","url":"https:\/\/every.es\/politica-de-cookies\/","name":"Pol\u00edtica de Cookies - Abogados en Sabadell Every Legal","isPartOf":{"@id":"https:\/\/every.es\/#website"},"datePublished":"2024-07-11T10:40:46+00:00","dateModified":"2024-12-18T10:10:20+00:00","breadcrumb":{"@id":"https:\/\/every.es\/politica-de-cookies\/#breadcrumb"},"inLanguage":"ca","potentialAction":[{"@type":"ReadAction","target":["https:\/\/every.es\/politica-de-cookies\/"]}]},{"@type":"BreadcrumbList","@id":"https:\/\/every.es\/politica-de-cookies\/#breadcrumb","itemListElement":[{"@type":"ListItem","position":1,"name":"Home","item":"https:\/\/every.es\/"},{"@type":"ListItem","position":2,"name":"Pol\u00edtica de Cookies"}]},{"@type":"WebSite","@id":"https:\/\/every.es\/#website","url":"https:\/\/every.es\/","name":"Every Legal","description":"Las mejores abogadas de Sabadell","publisher":{"@id":"https:\/\/every.es\/#organization"},"potentialAction":[{"@type":"SearchAction","target":{"@type":"EntryPoint","urlTemplate":"https:\/\/every.es\/?s={search_term_string}"},"query-input":{"@type":"PropertyValueSpecification","valueRequired":true,"valueName":"search_term_string"}}],"inLanguage":"ca"},{"@type":"Organization","@id":"https:\/\/every.es\/#organization","name":"Every Legal","url":"https:\/\/every.es\/","logo":{"@type":"ImageObject","inLanguage":"ca","@id":"https:\/\/every.es\/#\/schema\/logo\/image\/","url":"https:\/\/every.es\/wp-content\/uploads\/2024\/07\/Logo-Every-verde.png","contentUrl":"https:\/\/every.es\/wp-content\/uploads\/2024\/07\/Logo-Every-verde.png","width":842,"height":595,"caption":"Every Legal"},"image":{"@id":"https:\/\/every.es\/#\/schema\/logo\/image\/"},"sameAs":["https:\/\/www.linkedin.com\/company\/every-legal\/"]}]}},"_links":{"self":[{"href":"https:\/\/every.es\/ca\/wp-json\/wp\/v2\/pages\/1164","targetHints":{"allow":["GET"]}}],"collection":[{"href":"https:\/\/every.es\/ca\/wp-json\/wp\/v2\/pages"}],"about":[{"href":"https:\/\/every.es\/ca\/wp-json\/wp\/v2\/types\/page"}],"author":[{"embeddable":true,"href":"https:\/\/every.es\/ca\/wp-json\/wp\/v2\/users\/1"}],"replies":[{"embeddable":true,"href":"https:\/\/every.es\/ca\/wp-json\/wp\/v2\/comments?post=1164"}],"version-history":[{"count":5,"href":"https:\/\/every.es\/ca\/wp-json\/wp\/v2\/pages\/1164\/revisions"}],"predecessor-version":[{"id":1431,"href":"https:\/\/every.es\/ca\/wp-json\/wp\/v2\/pages\/1164\/revisions\/1431"}],"wp:attachment":[{"href":"https:\/\/every.es\/ca\/wp-json\/wp\/v2\/media?parent=1164"}],"curies":[{"name":"wp","href":"https:\/\/api.w.org\/{rel}","templated":true}]}}